{"id":3,"date":"2024-07-16T09:04:17","date_gmt":"2024-07-16T09:04:17","guid":{"rendered":"https:\/\/hhla.co.uk\/home\/fance\/public_html\/?page_id=3"},"modified":"2026-03-16T19:07:15","modified_gmt":"2026-03-16T19:07:15","slug":"privacy-policy-2","status":"publish","type":"page","link":"https:\/\/www.ui-shipping.com\/ro\/privacy-policy-2\/","title":{"rendered":"Politica de confiden\u021bialitate"},"content":{"rendered":"<div data-elementor-type=\"wp-page\" data-elementor-id=\"3\" class=\"elementor elementor-3\">\n\t\t\t\t<div class=\"elementor-element elementor-element-4096bf54 e-flex e-con-boxed e-con e-parent\" data-id=\"4096bf54\" data-element_type=\"container\">\n\t\t\t\t\t<div class=\"e-con-inner\">\n\t\t\t\t<div class=\"elementor-element elementor-element-555ea3c elementor-widget elementor-widget-text-editor\" data-id=\"555ea3c\" data-element_type=\"widget\" data-widget_type=\"text-editor.default\">\n\t\t\t\t<div class=\"elementor-widget-container\">\n\t\t\t\t\t\t\t\t\t<div class=\"privacy-policy\">\n\n    <h1>Politica de confiden\u021bialitate<\/h1>\n    <p><strong>Data intr\u0103rii \u00een vigoare: aprilie 2025<\/strong><\/p>\n\n    <p>Aceast\u0103 Politic\u0103 de confiden\u021bialitate descrie modul \u00een care <strong>United International Shipping Trade Organization<\/strong> (\u201enoi\u201d, \u201eal nostru\/a noastr\u0103\/ai no\u0219tri\/ale noastre\u201d, \u201enou\u0103\u201d) colecteaz\u0103, utilizeaz\u0103, divulg\u0103 \u0219i protejeaz\u0103 datele dumneavoastr\u0103 cu caracter personal atunci c\u00e2nd vizita\u021bi site-ul nostru web la adresa <strong>ui-shipping.com<\/strong>, utiliza\u021bi serviciile noastre sau contacta\u021bi-ne. Ne angaj\u0103m s\u0103 protej\u0103m datele dumneavoastr\u0103 cu caracter personal \u0219i s\u0103 respect\u0103m GDPR-ul din Regatul Unit, Legea privind protec\u021bia datelor din 2018 \u0219i alte legi relevante.<\/p>\n\n    <h2>1. Cine suntem<\/h2>\n    <p><strong>United International Shipping Trade Organization<\/strong><br>\n    333 S Eaton St. #622<br>\n    Lakewood, CO 80226, US<br>\n    E-mail: <a href=\"mailto:privacy@ui-shipping.com\">privacy@ui-shipping.com<\/a><br>\n    Phone: [Insert phone number]<br>\n    Site web: <a href=\"https:\/\/www.ui-shipping.com\/ro\/\" target=\"_blank\">ui-shipping.com<\/a><\/p>\n\n    <h2>2. Cum colect\u0103m date cu caracter personal<\/h2>\n    <p>Colect\u0103m datele dumneavoastr\u0103 atunci c\u00e2nd:<\/p>\n    <ul>\n        <li>Vizita\u021bi \u0219i utiliza\u021bi site-ul nostru web<\/li>\n        <li>Contacta\u021bi-ne prin formulare, e-mail sau telefon<\/li>\n        <li>\u00censcrie-te la newsletter-ul nostru<\/li>\n        <li>Aplica\u021bi pentru locuri de munc\u0103 sau colabora\u021bi cu noi<\/li>\n        <li>Interac\u021bioneaz\u0103 prin intermediul re\u021belelor sociale sau al evenimentelor<\/li>\n    <\/ul>\n\n    <h2>3. Ce date colect\u0103m<\/h2>\n    <p>Este posibil s\u0103 colect\u0103m urm\u0103toarele:<\/p>\n    <ul>\n        <li><strong>Technical Data<\/strong>: IP address, browser type, OS, visit time, pages accessed<\/li>\n        <li><strong>Contact Info<\/strong>: Name, email, phone, company details (if provided)<\/li>\n        <li><strong>Marketing Preferences<\/strong>: Newsletter opt-ins, consent records<\/li>\n        <li><strong>Recruitment Info<\/strong>: CV, application details, education, references<\/li>\n    <\/ul>\n\n    <h2>4. Temeiul juridic pentru prelucrare<\/h2>\n    <p>Datele dumneavoastr\u0103 sunt prelucrate \u00een mod legal \u00een temeiul:<\/p>\n    <ul>\n        <li>Necesitatea contractual\u0103<\/li>\n        <li>Consim\u021b\u0103m\u00e2nt (de exemplu, buletine informative)<\/li>\n        <li>Interese legitime (de exemplu, analiz\u0103, securitate)<\/li>\n        <li>Obliga\u021bii legale<\/li>\n    <\/ul>\n\n    <h2>5. Cookies &#038; Tracking<\/h2>\n    <p>We use cookies for essential, performance, and marketing purposes. You can manage preferences through the cookie banner or browser settings. For full details, see our Cookie Policy.<\/p>\n\n    <h2>6. Servicii ale unor ter\u021bi<\/h2>\n    <p>Folosim servicii precum:<\/p>\n    <ul>\n        <li>Google Analytics<\/li>\n        <li>YouTube (pentru videoclipuri \u00eencorporate)<\/li>\n        <li>Pluginuri pentru re\u021bele sociale (LinkedIn, Twitter etc.)<\/li>\n    <\/ul>\n    <p>Ace\u0219ti furnizori pot colecta date limitate \u0219i pot seta cookie-uri. Datele pot fi prelucrate \u00een afara Regatului Unit cu garan\u021bii adecvate.<\/p>\n\n    <h2>7. Comunicare prin buletin informativ<\/h2>\n    <p>Dac\u0103 v\u0103 abona\u021bi la newsletter-ul nostru, colect\u0103m adresa dvs. de e-mail (\u0219i op\u021bional numele dvs.) \u0219i \u00eenregistr\u0103m consim\u021b\u0103m\u00e2ntul dvs. V\u0103 pute\u021bi dezabona oric\u00e2nd prin intermediul linkului din fiecare e-mail.<\/p>\n\n    <h2>8. Recrutare<\/h2>\n    <p>Dac\u0103 aplica\u021bi pentru un post, datele dumneavoastr\u0103 de candidatur\u0103 vor fi prelucrate exclusiv \u00een scopuri de recrutare. Le p\u0103str\u0103m \u00een siguran\u021b\u0103 timp de p\u00e2n\u0103 la 6 luni, cu excep\u021bia cazului \u00een care sunte\u021bi de acord cu o stocare mai lung\u0103.<\/p>\n\n    <h2>9. Transferuri interna\u021bionale de date<\/h2>\n    <p>If data is transferred outside the UK (e.g. to service providers or third parties), we use approved safeguards like the UK Addendum to the EU Standard Contractual Clauses or adequacy decisions where applicable.<\/p>\n\n    <h2>10. P\u0103strarea datelor<\/h2>\n    <p>P\u0103str\u0103m datele cu caracter personal doar at\u00e2t timp c\u00e2t este necesar. Perioadele tipice de p\u0103strare includ:<\/p>\n    <ul>\n        <li>Jurnalele site-ului web: p\u00e2n\u0103 la 12 luni<\/li>\n        <li>Datele formularului de contact: 12\u201324 luni<\/li>\n        <li>Datele newsletter-ului: p\u00e2n\u0103 la dezabonare<\/li>\n        <li>Date de recrutare: 6\u201312 luni<\/li>\n    <\/ul>\n\n    <h2>11. Drepturile dumneavoastr\u0103<\/h2>\n    <p>Ave\u021bi dreptul s\u0103:<\/p>\n    <ul>\n        <li>Accesa\u021bi datele dvs.<\/li>\n        <li>Solicita\u021bi corectarea sau \u0219tergerea<\/li>\n        <li>Restric\u021bionarea prelucr\u0103rii sau obiectarea la aceasta<\/li>\n        <li>Retrage\u021bi consim\u021b\u0103m\u00e2ntul \u00een orice moment<\/li>\n        <li>Solicita\u021bi portabilitatea datelor<\/li>\n        <li>Depune\u021bi o pl\u00e2ngere la ICO<\/li>\n    <\/ul>\n    <p>Pentru a exercita oricare dintre aceste drepturi, contacta\u021bi <a href=\"mailto:privacy@ui-shipping.com\">privacy@ui-shipping.com<\/a>.<\/p>\n\n    <h2>12. Securitatea datelor<\/h2>\n    <p>Folosim m\u0103suri tehnice \u0219i organizatorice adecvate, cum ar fi criptarea, controalele de acces \u0219i instruirea personalului, pentru a v\u0103 p\u0103stra datele \u00een siguran\u021b\u0103.<\/p>\n\n    <h2>13. Autoritatea de supraveghere<\/h2>\n    <p>Dac\u0103 considera\u021bi c\u0103 drepturile dumneavoastr\u0103 au fost \u00eenc\u0103lcate, pute\u021bi contacta:<\/p>\n    <p><strong>Biroul Comisarului pentru Informa\u021bii (ICO)<\/strong><br>\n    Casa Wycliffe, Aleea Apei<br>\n    Wilmslow, Cheshire SK9 5AF<br>\n    Site web: <a href=\"https:\/\/www.ico.org.uk\" target=\"_blank\">www.ico.org.uk<\/a><br>\n    Telefon: 0303 123 1113<\/p>\n\n    <h2>14. Modific\u0103ri ale acestei politici<\/h2>\n    <p>Este posibil s\u0103 actualiz\u0103m aceast\u0103 Politic\u0103 de confiden\u021bialitate \u00een viitor. Cea mai recent\u0103 versiune va fi \u00eentotdeauna publicat\u0103 la <a href=\"https:\/\/www.ui-shipping.com\/ro\/privacy-policy\/\" target=\"_blank\">ui-shipping.com\/privacy-policy<\/a>.<\/p>\n\n    <p><strong>Ultima actualizare: aprilie 2025<\/strong><\/p>\n\n<\/div>\n\n<!-- Optional: Add some basic styling if needed -->\n<style>\n    .privacy-policy {\n        max-width: 1000px;\n        margin: 0 auto;\n        line-height: 1.7;\n        font-size: 16px;\n    }\n    .privacy-policy h1 {\n        font-size: 32px;\n        margin-bottom: 20px;\n    }\n    .privacy-policy h2 {\n        font-size: 24px;\n        margin-top: 40px;\n        margin-bottom: 15px;\n        color: #333;\n    }\n    .privacy-policy ul {\n        padding-left: 20px;\n    }\n    .privacy-policy a {\n        color: #0066cc;\n        text-decoration: underline;\n    }\n    .privacy-policy a:hover {\n        color: #004499;\n    }\n<\/style>\t\t\t\t\t\t\t\t<\/div>\n\t\t\t\t<\/div>\n\t\t\t\t\t<\/div>\n\t\t\t\t<\/div>\n\t\t\t\t<\/div>","protected":false},"excerpt":{"rendered":"<p>Privacy Policy Effective date: April 2025 This Privacy Policy outlines how United International Shipping Trade Organization (&#8220;we&#8221;, &#8220;our&#8221;, &#8220;us&#8221;) collects, uses, discloses, and protects your personal data when you visit our website at ui-shipping.com, engage with our services, or contact us. We are committed to safeguarding your personal data and complying with the UK GDPR, [&hellip;]<\/p>","protected":false},"author":1,"featured_media":0,"parent":0,"menu_order":0,"comment_status":"closed","ping_status":"open","template":"elementor_header_footer","meta":{"inline_featured_image":false,"footnotes":""},"class_list":["post-3","page","type-page","status-publish","hentry"],"_links":{"self":[{"href":"https:\/\/www.ui-shipping.com\/ro\/wp-json\/wp\/v2\/pages\/3","targetHints":{"allow":["GET"]}}],"collection":[{"href":"https:\/\/www.ui-shipping.com\/ro\/wp-json\/wp\/v2\/pages"}],"about":[{"href":"https:\/\/www.ui-shipping.com\/ro\/wp-json\/wp\/v2\/types\/page"}],"author":[{"embeddable":true,"href":"https:\/\/www.ui-shipping.com\/ro\/wp-json\/wp\/v2\/users\/1"}],"replies":[{"embeddable":true,"href":"https:\/\/www.ui-shipping.com\/ro\/wp-json\/wp\/v2\/comments?post=3"}],"version-history":[{"count":6,"href":"https:\/\/www.ui-shipping.com\/ro\/wp-json\/wp\/v2\/pages\/3\/revisions"}],"predecessor-version":[{"id":3268,"href":"https:\/\/www.ui-shipping.com\/ro\/wp-json\/wp\/v2\/pages\/3\/revisions\/3268"}],"wp:attachment":[{"href":"https:\/\/www.ui-shipping.com\/ro\/wp-json\/wp\/v2\/media?parent=3"}],"curies":[{"name":"wp","href":"https:\/\/api.w.org\/{rel}","templated":true}]}}