{"id":1717,"date":"2023-12-08T15:41:16","date_gmt":"2023-12-08T15:41:16","guid":{"rendered":"https:\/\/byteflows.net\/wp\/transpi\/?page_id=2"},"modified":"2025-05-21T13:42:38","modified_gmt":"2025-05-21T13:42:38","slug":"tracking","status":"publish","type":"page","link":"https:\/\/www.ui-shipping.com\/ro\/tracking\/","title":{"rendered":"Urm\u0103rire"},"content":{"rendered":"<div data-elementor-type=\"wp-page\" data-elementor-id=\"1717\" class=\"elementor elementor-1717\">\n\t\t\t\t\t\t<section class=\"elementor-section elementor-top-section elementor-element elementor-element-59ff7f4 elementor-section-content-middle elementor-section-full_width elementor-section-height-default elementor-section-height-default\" data-id=\"59ff7f4\" data-element_type=\"section\">\n\t\t\t\t\t\t<div class=\"elementor-container elementor-column-gap-default\">\n\t\t\t\t\t<div class=\"elementor-column elementor-col-33 elementor-top-column elementor-element elementor-element-4bdfae1\" data-id=\"4bdfae1\" data-element_type=\"column\">\n\t\t\t<div class=\"elementor-widget-wrap elementor-element-populated\">\n\t\t\t\t\t\t<div class=\"elementor-element elementor-element-b1e6974 elementor-widget elementor-widget-transpi-heading\" data-id=\"b1e6974\" data-element_type=\"widget\" data-widget_type=\"transpi-heading.default\">\n\t\t\t\t<div class=\"elementor-widget-container\">\n\t\t\t\t\t<div class=\"transpi__section-heading transpialigh\">\r\n        <div class=\"transpi__sub-heaind\">\r\n        <span>Ave\u021bi un cod de urm\u0103rire?<\/span>\r\n    <\/div>\r\n        <h1 class=\"transpi__heading-title spilit__enable split-in-right\">Oferim:<\/h1>    <\/div>\t\t\t\t<\/div>\n\t\t\t\t<\/div>\n\t\t\t\t<div class=\"elementor-element elementor-element-de8a804 elementor-widget elementor-widget-transpi-list\" data-id=\"de8a804\" data-element_type=\"widget\" data-widget_type=\"transpi-list.default\">\n\t\t\t\t<div class=\"elementor-widget-container\">\n\t\t\t\t\t\t\r\n        <div class=\"transpi__list-item style-2\">\r\n            <ul>\r\n                                    <li>Vizibilitate<\/li>\r\n                                    <li>Satisfac\u0163ie<\/li>\r\n                                    <li>Eficien\u0163\u0103<\/li>\r\n                                    <li>Securitate<\/li>\r\n                                    <li>Responsabilitate<\/li>\r\n                            <\/ul>\r\n        <\/div>\r\n    \t\t\t\t<\/div>\n\t\t\t\t<\/div>\n\t\t\t\t\t<\/div>\n\t\t<\/div>\n\t\t\t\t<div class=\"elementor-column elementor-col-66 elementor-top-column elementor-element elementor-element-584f586\" data-id=\"584f586\" data-element_type=\"column\">\n\t\t\t<div class=\"elementor-widget-wrap elementor-element-populated\">\n\t\t\t\t\t\t<div class=\"elementor-element elementor-element-b306186 elementor-widget__width-inherit e-transform e-transform e-transform elementor-widget elementor-widget-shortcode\" data-id=\"b306186\" data-element_type=\"widget\" data-settings=\"{&quot;_transform_translateX_effect&quot;:{&quot;unit&quot;:&quot;px&quot;,&quot;size&quot;:0,&quot;sizes&quot;:[]},&quot;_transform_rotateZ_effect&quot;:{&quot;unit&quot;:&quot;px&quot;,&quot;size&quot;:0,&quot;sizes&quot;:[]},&quot;_transform_translateY_effect&quot;:{&quot;unit&quot;:&quot;px&quot;,&quot;size&quot;:6,&quot;sizes&quot;:[]},&quot;_transform_skewX_effect&quot;:{&quot;unit&quot;:&quot;px&quot;,&quot;size&quot;:0,&quot;sizes&quot;:[]},&quot;_transform_rotateZ_effect_tablet&quot;:{&quot;unit&quot;:&quot;deg&quot;,&quot;size&quot;:&quot;&quot;,&quot;sizes&quot;:[]},&quot;_transform_rotateZ_effect_mobile&quot;:{&quot;unit&quot;:&quot;deg&quot;,&quot;size&quot;:&quot;&quot;,&quot;sizes&quot;:[]},&quot;_transform_translateX_effect_tablet&quot;:{&quot;unit&quot;:&quot;px&quot;,&quot;size&quot;:&quot;&quot;,&quot;sizes&quot;:[]},&quot;_transform_translateX_effect_mobile&quot;:{&quot;unit&quot;:&quot;px&quot;,&quot;size&quot;:&quot;&quot;,&quot;sizes&quot;:[]},&quot;_transform_translateY_effect_tablet&quot;:{&quot;unit&quot;:&quot;px&quot;,&quot;size&quot;:&quot;&quot;,&quot;sizes&quot;:[]},&quot;_transform_translateY_effect_mobile&quot;:{&quot;unit&quot;:&quot;px&quot;,&quot;size&quot;:&quot;&quot;,&quot;sizes&quot;:[]},&quot;_transform_skewX_effect_tablet&quot;:{&quot;unit&quot;:&quot;deg&quot;,&quot;size&quot;:&quot;&quot;,&quot;sizes&quot;:[]},&quot;_transform_skewX_effect_mobile&quot;:{&quot;unit&quot;:&quot;deg&quot;,&quot;size&quot;:&quot;&quot;,&quot;sizes&quot;:[]},&quot;_transform_skewY_effect&quot;:{&quot;unit&quot;:&quot;px&quot;,&quot;size&quot;:&quot;&quot;,&quot;sizes&quot;:[]},&quot;_transform_skewY_effect_tablet&quot;:{&quot;unit&quot;:&quot;deg&quot;,&quot;size&quot;:&quot;&quot;,&quot;sizes&quot;:[]},&quot;_transform_skewY_effect_mobile&quot;:{&quot;unit&quot;:&quot;deg&quot;,&quot;size&quot;:&quot;&quot;,&quot;sizes&quot;:[]}}\" data-widget_type=\"shortcode.default\">\n\t\t\t\t<div class=\"elementor-widget-container\">\n\t\t\t\t\t\t\t<div class=\"elementor-shortcode\"><style type=\"text\/css\">\n\t@media\n\t\tonly screen \n\t\tand (max-width: 760px), (min-device-width: 768px) \n\t\tand (max-device-width: 1024px)  {\n\t\t\t\/* Force table to not be like tables anymore *\/\n\t\t\ttable#wpcargo-track-table tr td input[type=\"text\"], \n\t\t\ttable#wpcargo-track-table tr td input[type=\"submit\"],\n\t\t\ttable#wpcargo-track-table tr td select, \n\t\t\ttable#wpcargo-track-table tr td textarea,\n\t\t\tform table#wpcargo-track-table{\n\t\t\t\twidth:100% !important;\n\t\t\t\tmin-width: 100%;\n\t\t\t}\n\t\t\ttable#wpcargo-track-table, \n\t\t\t#wpcargo-track-table thead, \n\t\t\t#wpcargo-track-table tbody, \n\t\t\t#wpcargo-track-table th, \n\t\t\t#wpcargo-track-table td,\n\t\t\t#wpcargo-track-table tr {\n\t\t\t\tdisplay: block;\n\t\t\t}\n\t\t\t\/* Hide table headers (but not display: none;, for accessibility) *\/\n\t\t\t#wpcargo-track-tablethead tr {\n\t\t\t\tposition: absolute;\n\t\t\t\ttop: -9999px;\n\t\t\t\tleft: -9999px;\n\t\t\t}\n\t\t\t#wpcargo-track-table tr {\n\t\t\t\tmargin: 0 0 1rem 0;\n\t\t\t}\n\t\t\t#wpcargo-track-table tr:nth-child(odd) {\n\t\t\t\tbackground: #ccc;\n\t\t\t}\n\t\t\t#wpcargo-track-table td {\n\t\t\t\t\/* Behave  like a \"row\" *\/\n\t\t\t\tborder: none;\n\t\t\t\tborder-bottom: 1px solid #eee;\n\t\t\t\tposition: relative;\n\t\t\t\tpadding: 0;\n\t\t\t}\n\t\t\t#wpcargo-track-table td:before {\n\t\t\t\tposition: absolute;\n\t\t\t\ttop: 0;\n\t\t\t\tleft: 6px;\n\t\t\t\twidth: 45%;\n\t\t\t\tpadding-right: 10px;\n\t\t\t\twhite-space: nowrap;\n\t\t\t}\n\t\t\t#wpcargo-track-table .submit-track {\n\t\t\t\tpadding:16px 0;\n\t\t\t}\n\t}\n<\/style>\n<div class=\"wpcargo-track wpcargo\">\n\t<form method=\"post\" name=\"wpcargo-track-form\" action=\"\" data-trp-original-action=\"\">\n\t\t<input type=\"hidden\" id=\"track_shipment_nonce\" name=\"track_shipment_nonce\" value=\"74bdba4468\" \/><input type=\"hidden\" name=\"_wp_http_referer\" value=\"\/ro\/wp-json\/wp\/v2\/pages\/1717\" \/>\t\t<table id=\"wpcargo-track-table\" class=\"track_form_table\">\n\t\t\t<tr class=\"track_form_tr\">\n\t\t\t\t<th class=\"track_form_th\" colspan=\"2\"><h4>Introduce\u021bi num\u0103rul lotului<\/h4><\/th>\n\t\t\t<\/tr>\n\t\t\t<tr class=\"track_form_tr\">\n\t\t\t\t\t\t\t\t<td class=\"track_form_td\"><input class=\"input_track_num\" type=\"text\" name=\"wpcargo_tracking_number\" value=\"\" autocomplete=\"off\" placeholder=\"Introduce\u021bi num\u0103rul de urm\u0103rire\" required><\/td>\n\t\t\t\t<td class=\"track_form_td submit-track\"><input id=\"submit_wpcargo\" class=\"wpcargo-btn wpcargo-btn-primary\" name=\"wpcargo-submit\" type=\"submit\" value=\"URM\u0102RI\u021aI REZULTATUL\"><\/td>\n\t\t\t<\/tr>\n\t\t\t <tr class=\"track_form_tr\"><td class=\"track_form_td\" colspan=\"2\"><h4>Ex: HHL12345678-AB<\/h4><\/td><\/tr>\t\t<\/table>\n\t<input type=\"hidden\" name=\"trp-form-language\" value=\"ro\"\/><\/form>\n<\/div><\/div>\n\t\t\t\t\t\t<\/div>\n\t\t\t\t<\/div>\n\t\t\t\t\t<\/div>\n\t\t<\/div>\n\t\t\t\t\t<\/div>\n\t\t<\/section>\n\t\t\t\t<section class=\"elementor-section elementor-top-section elementor-element elementor-element-7002f1ed elementor-section-content-top elementor-section-boxed elementor-section-height-default elementor-section-height-default\" data-id=\"7002f1ed\" data-element_type=\"section\">\n\t\t\t\t\t\t\t<div class=\"elementor-background-overlay\"><\/div>\n\t\t\t\t\t\t\t<div class=\"elementor-container elementor-column-gap-no\">\n\t\t\t\t\t<div class=\"elementor-column elementor-col-100 elementor-top-column elementor-element elementor-element-2902ed5a\" data-id=\"2902ed5a\" data-element_type=\"column\">\n\t\t\t<div class=\"elementor-widget-wrap elementor-element-populated\">\n\t\t\t\t\t\t<div class=\"elementor-element elementor-element-6a720713 elementor-widget elementor-widget-transpi-heading\" data-id=\"6a720713\" data-element_type=\"widget\" data-widget_type=\"transpi-heading.default\">\n\t\t\t\t<div class=\"elementor-widget-container\">\n\t\t\t\t\t<div class=\"transpi__section-heading transpialigh\">\r\n        <div class=\"transpi__sub-heaind\">\r\n        <span>CUM FUNC\u021aIONEAZ\u0102<\/span>\r\n    <\/div>\r\n        <h1 class=\"transpi__heading-title spilit__enable split-in-right\">Cum livr\u0103m <br> Coletul dumneavoastr\u0103<\/h1>    <\/div>\t\t\t\t<\/div>\n\t\t\t\t<\/div>\n\t\t\t\t<div class=\"elementor-element elementor-element-119a4081 elementor-widget elementor-widget-transpi-del-process\" data-id=\"119a4081\" data-element_type=\"widget\" data-widget_type=\"transpi-del-process.default\">\n\t\t\t\t<div class=\"elementor-widget-container\">\n\t\t\t\t\t\t\r\n        <div class=\"transpi__delivery-wrapper\">\r\n            <div class=\"row\">\r\n                                <div class=\"col-lg-3 col-md-6 elementor-repeater-item-3d08cf3 wow fadeInUp\"  data-wow-delay=\"200ms\"  data-wow-duration=\"1000ms\">\r\n                    <div class=\"transpi__delivery-item\">\r\n                        <div class=\"icon\">\r\n                                                                                    <span>01<\/span>\r\n                                                    <\/div>\r\n                        <div class=\"delivery__content\">\r\n                            <h4>Registru de parcele<\/h4>\r\n                            <p>\u00cenregistreaz\u0103-\u021bi livrarea \u00een sistemul nostru avansat.<\/p>\r\n                        <\/div>\r\n                    <\/div>\r\n                <\/div>\r\n                                <div class=\"col-lg-3 col-md-6 elementor-repeater-item-cc53c8b wow fadeInUp\"  data-wow-delay=\"400ms\"  data-wow-duration=\"1000ms\">\r\n                    <div class=\"transpi__delivery-item\">\r\n                        <div class=\"icon\">\r\n                                                                                    <span>02<\/span>\r\n                                                    <\/div>\r\n                        <div class=\"delivery__content\">\r\n                            <h4>\u00cenc\u0103rcare colete<\/h4>\r\n                            <p>Coletul este \u00eenc\u0103rcat \u00een mijlocul de transport.<\/p>\r\n                        <\/div>\r\n                    <\/div>\r\n                <\/div>\r\n                                <div class=\"col-lg-3 col-md-6 elementor-repeater-item-18328c8 wow fadeInUp\"  data-wow-delay=\"600ms\"  data-wow-duration=\"1000ms\">\r\n                    <div class=\"transpi__delivery-item\">\r\n                        <div class=\"icon\">\r\n                                                                                    <span>03<\/span>\r\n                                                    <\/div>\r\n                        <div class=\"delivery__content\">\r\n                            <h4>Colet \u00een tranzit<\/h4>\r\n                            <p>Coletul este gestionat de sistemul nostru pentru a ajunge rapid la destina\u021bie.<\/p>\r\n                        <\/div>\r\n                    <\/div>\r\n                <\/div>\r\n                                <div class=\"col-lg-3 col-md-6 elementor-repeater-item-27e87dc wow fadeInUp\"  data-wow-delay=\"800ms\"  data-wow-duration=\"1000ms\">\r\n                    <div class=\"transpi__delivery-item\">\r\n                        <div class=\"icon\">\r\n                                                                                    <span>04<\/span>\r\n                                                    <\/div>\r\n                        <div class=\"delivery__content\">\r\n                            <h4>Livrare colete<\/h4>\r\n                            <p>Coletul este livrat destinatarului s\u0103u.<\/p>\r\n                        <\/div>\r\n                    <\/div>\r\n                <\/div>\r\n                            <\/div>\r\n                            <div class=\"process_shape\"><img decoding=\"async\" src=\"https:\/\/byteflows.net\/wp\/transpi\/wp-content\/uploads\/2023\/12\/Line.svg\" alt=\"\"><\/div>\r\n                    <\/div>\r\n    \t\t\t\t<\/div>\n\t\t\t\t<\/div>\n\t\t\t\t\t<\/div>\n\t\t<\/div>\n\t\t\t\t\t<\/div>\n\t\t<\/section>\n\t\t\t\t<section class=\"elementor-section elementor-top-section elementor-element elementor-element-b8120a5 elementor-section-content-middle elementor-section-boxed elementor-section-height-default elementor-section-height-default\" data-id=\"b8120a5\" data-element_type=\"section\">\n\t\t\t\t\t\t<div class=\"elementor-container elementor-column-gap-default\">\n\t\t\t\t\t<div class=\"elementor-column elementor-col-50 elementor-top-column elementor-element elementor-element-4b2db00a\" data-id=\"4b2db00a\" data-element_type=\"column\">\n\t\t\t<div class=\"elementor-widget-wrap elementor-element-populated\">\n\t\t\t\t\t\t<div class=\"elementor-element elementor-element-a03814 elementor-widget elementor-widget-transpi-heading\" data-id=\"a03814\" data-element_type=\"widget\" data-widget_type=\"transpi-heading.default\">\n\t\t\t\t<div class=\"elementor-widget-container\">\n\t\t\t\t\t<div class=\"transpi__section-heading transpialigh\">\r\n        <div class=\"transpi__sub-heaind\">\r\n        <span>AVE\u021aI UN COLET DE TRIMITE?<\/span>\r\n    <\/div>\r\n        <h1 class=\"transpi__heading-title spilit__enable split-in-right\">Contacta\u021bi-ne<\/h1>            <p>De ce noi?<\/p>\r\n    <\/div>\t\t\t\t<\/div>\n\t\t\t\t<\/div>\n\t\t\t\t<div class=\"elementor-element elementor-element-55330f37 elementor-widget elementor-widget-transpi-list\" data-id=\"55330f37\" data-element_type=\"widget\" data-widget_type=\"transpi-list.default\">\n\t\t\t\t<div class=\"elementor-widget-container\">\n\t\t\t\t\t\t\r\n        <div class=\"transpi__list-item style-2\">\r\n            <ul>\r\n                                    <li>Fiabilitate<\/li>\r\n                                    <li>Accesibilitate<\/li>\r\n                                    <li>Varietate de servicii<\/li>\r\n                                    <li>Serviciu Clien\u021bi Excep\u021bional<\/li>\r\n                                    <li>Tehnologie \u0219i urm\u0103rire<\/li>\r\n                            <\/ul>\r\n        <\/div>\r\n    \t\t\t\t<\/div>\n\t\t\t\t<\/div>\n\t\t\t\t\t<\/div>\n\t\t<\/div>\n\t\t\t\t<div class=\"elementor-column elementor-col-50 elementor-top-column elementor-element elementor-element-1299ef6b\" data-id=\"1299ef6b\" data-element_type=\"column\">\n\t\t\t<div class=\"elementor-widget-wrap elementor-element-populated\">\n\t\t\t\t\t\t<div class=\"elementor-element elementor-element-e308327 elementor-widget elementor-widget-shortcode\" data-id=\"e308327\" data-element_type=\"widget\" data-widget_type=\"shortcode.default\">\n\t\t\t\t<div class=\"elementor-widget-container\">\n\t\t\t\t\t\t\t<div class=\"elementor-shortcode\">\n<div class=\"wpcf7 no-js\" id=\"wpcf7-f416-o1\" lang=\"en-US\" dir=\"ltr\" data-wpcf7-id=\"416\">\n<div class=\"screen-reader-response\"><p role=\"status\" aria-live=\"polite\" aria-atomic=\"true\"><\/p> <ul><\/ul><\/div>\n<form action=\"\/ro\/wp-json\/wp\/v2\/pages\/1717#wpcf7-f416-o1\" method=\"post\" class=\"wpcf7-form init\" aria-label=\"Contact form\" novalidate=\"novalidate\" data-status=\"init\" data-trp-original-action=\"\/ro\/wp-json\/wp\/v2\/pages\/1717#wpcf7-f416-o1\">\n<div style=\"display: none;\">\n<input type=\"hidden\" name=\"_wpcf7\" value=\"416\" \/>\n<input type=\"hidden\" name=\"_wpcf7_version\" value=\"6.0.6\" \/>\n<input type=\"hidden\" name=\"_wpcf7_locale\" value=\"en_US\" \/>\n<input type=\"hidden\" name=\"_wpcf7_unit_tag\" value=\"wpcf7-f416-o1\" \/>\n<input type=\"hidden\" name=\"_wpcf7_container_post\" value=\"0\" \/>\n<input type=\"hidden\" name=\"_wpcf7_posted_data_hash\" value=\"\" \/>\n<\/div>\n<div class=\"contact__form-submit-wrapper\">\n<div class=\"contact__form-submit\">\n\t<div class=\"tp-select\"><label>Tipul de marf\u0103:<\/label><div class=\"wc-select\"><span class=\"wpcf7-form-control-wrap\" data-name=\"menu-784\"><select class=\"wpcf7-form-control wpcf7-select\" aria-invalid=\"false\" name=\"menu-784\"><option value=\"Select\">Selecta<\/option><option value=\"Air Freight\">Transport aerian<\/option><option value=\"Sea Freight\">Transport maritim<\/option><option value=\"Road Freight\">Marf\u0103 rutier\u0103<\/option><option value=\"Parcel\">Colet<\/option><\/select><\/span><\/div>\n\t<\/div>\n\n\t<div class=\"tp-select\">\n\t<label>\u00cenc\u0103rca:<\/label><div class=\"wc-select\"><span class=\"wpcf7-form-control-wrap\" data-name=\"menu-785\"><select class=\"wpcf7-form-control wpcf7-select\" aria-invalid=\"false\" name=\"menu-785\"><option value=\"Select\">Selecta<\/option><option value=\"Parcels\">Colete<\/option><option value=\"Container\">Container<\/option><option value=\"Cargo\">Marf\u0103<\/option><\/select><\/span><\/div><\/div>\n\t<div class=\"tp-input-range\">\n\t<label>DIST (Mile):<\/label>\n\t\t\t\t\t\t\t\t\t\t\t\t<div class=\"wc-input-range-area d-flex align-items-center\">\n\t\t\t\t\t\t\t\t\t\t\t\t\t<div id=\"slider-range\" class=\"range-bar\"><\/div>\n\t\t\t\t\t\t\t\t\t\t\t\t\t<div class=\"range-value clearfix\">\n\t\t\t\t\t\t\t\t\t\t\t\t\t\t<input type=\"text\" id=\"amount\">\n\t\t\t\t\t\t\t\t\t\t\t\t\t<\/div>\n\t\t\t\t\t\t\t\t\t\t\t\t<\/div>\n\t<\/div>\n\t<div class=\"row\">\n\t\t<div class=\"col-lg-6\">\n\t\t\t<div class=\"tp-input\">\n\t\t<label>Numele dumneavoastr\u0103:<\/label><div class=\"tp-input-field\"><span class=\"wpcf7-form-control-wrap\" data-name=\"text-707\"><input size=\"40\" maxlength=\"400\" class=\"wpcf7-form-control wpcf7-text\" aria-invalid=\"false\" placeholder=\"Numele dumneavoastr\u0103\" value=\"\" type=\"text\" name=\"text-707\" \/><\/span><\/div><\/div>\n\t\t<\/div>\n\t\t<div class=\"col-lg-6\">\n\t\t\t<div class=\"wc-input\"><label>Num\u0103r de telefon:<\/label><div class=\"tp-input-field\"><span class=\"wpcf7-form-control-wrap\" data-name=\"text-708\"><input size=\"40\" maxlength=\"400\" class=\"wpcf7-form-control wpcf7-text\" aria-invalid=\"false\" placeholder=\"Nr. de telefon:\" value=\"\" type=\"text\" name=\"text-708\" \/><\/span><\/div><\/div>\n\t\t<\/div>\n\t<div class=\"wc-input\"><label>Adresa dvs. de e-mail:<\/label><span class=\"wpcf7-form-control-wrap\" data-name=\"email-600\"><input size=\"40\" maxlength=\"400\" class=\"wpcf7-form-control wpcf7-email wpcf7-validates-as-required wpcf7-text wpcf7-validates-as-email\" id=\"email\" aria-required=\"true\" aria-invalid=\"false\" placeholder=\"email@hhla.co.uk\" value=\"\" type=\"email\" name=\"email-600\" \/><\/span> <\/div>\n\t<\/div>\n\n<button class=\"thm__btn\" type=\"submit\">Trimite\u021bi cererea<\/button>\n<span class=\"simple_text\">F\u0103c\u00e2nd clic pe <strong>acest buton<\/strong>, sunt de acord cu prelucrarea.<\/span>\n\n<\/div>\n<\/div><div class=\"wpcf7-response-output\" aria-hidden=\"true\"><\/div>\n<input type=\"hidden\" name=\"trp-form-language\" value=\"ro\"\/><\/form>\n<\/div>\n<\/div>\n\t\t\t\t\t\t<\/div>\n\t\t\t\t<\/div>\n\t\t\t\t\t<\/div>\n\t\t<\/div>\n\t\t\t\t\t<\/div>\n\t\t<\/section>\n\t\t\t\t<\/div>","protected":false},"excerpt":{"rendered":"<p>Do you have a tracking code? We offer: Visibility Satisfaction Efficiency Security Accountability HOW IT WORKS How We Deliver Your Parcel 01 Parcel Register Register your delivery into our advanced system. 02 Parcel Loading Parcel is loaded into the mean of transportation . 03 Parcel In-transit Parcel is handled by our system to get fast [&hellip;]<\/p>","protected":false},"author":1,"featured_media":0,"parent":0,"menu_order":0,"comment_status":"closed","ping_status":"open","template":"elementor_header_footer","meta":{"inline_featured_image":false,"footnotes":""},"class_list":["post-1717","page","type-page","status-publish","hentry"],"_links":{"self":[{"href":"https:\/\/www.ui-shipping.com\/ro\/wp-json\/wp\/v2\/pages\/1717","targetHints":{"allow":["GET"]}}],"collection":[{"href":"https:\/\/www.ui-shipping.com\/ro\/wp-json\/wp\/v2\/pages"}],"about":[{"href":"https:\/\/www.ui-shipping.com\/ro\/wp-json\/wp\/v2\/types\/page"}],"author":[{"embeddable":true,"href":"https:\/\/www.ui-shipping.com\/ro\/wp-json\/wp\/v2\/users\/1"}],"replies":[{"embeddable":true,"href":"https:\/\/www.ui-shipping.com\/ro\/wp-json\/wp\/v2\/comments?post=1717"}],"version-history":[{"count":155,"href":"https:\/\/www.ui-shipping.com\/ro\/wp-json\/wp\/v2\/pages\/1717\/revisions"}],"predecessor-version":[{"id":3211,"href":"https:\/\/www.ui-shipping.com\/ro\/wp-json\/wp\/v2\/pages\/1717\/revisions\/3211"}],"wp:attachment":[{"href":"https:\/\/www.ui-shipping.com\/ro\/wp-json\/wp\/v2\/media?parent=1717"}],"curies":[{"name":"wp","href":"https:\/\/api.w.org\/{rel}","templated":true}]}}