{"id":3038,"date":"2025-04-15T08:33:54","date_gmt":"2025-04-15T08:33:54","guid":{"rendered":"https:\/\/hhla.co.uk\/?page_id=3038"},"modified":"2025-04-15T15:03:04","modified_gmt":"2025-04-15T15:03:04","slug":"terms-and-conditions","status":"publish","type":"page","link":"https:\/\/www.ui-shipping.com\/es\/terms-and-conditions\/","title":{"rendered":"T\u00e9rminos y condiciones"},"content":{"rendered":"<div data-elementor-type=\"wp-page\" data-elementor-id=\"3038\" class=\"elementor elementor-3038\">\n\t\t\t\t<div class=\"elementor-element elementor-element-4096bf54 e-flex e-con-boxed e-con e-parent\" data-id=\"4096bf54\" data-element_type=\"container\">\n\t\t\t\t\t<div class=\"e-con-inner\">\n\t\t\t\t<div class=\"elementor-element elementor-element-555ea3c elementor-widget elementor-widget-text-editor\" data-id=\"555ea3c\" data-element_type=\"widget\" data-widget_type=\"text-editor.default\">\n\t\t\t\t<div class=\"elementor-widget-container\">\n\t\t\t\t\t\t\t\t\t<h2>pol\u00edtica de privacidad<\/h2>\n<p><strong>Fecha de entrada en vigor: abril de 2025<\/strong><\/p>\n<p>Esta Pol\u00edtica de Privacidad describe c\u00f3mo <strong>HHLA LIMITADA<\/strong> (\u201cnosotros\u201d, \u201cnuestro\u201d, \u201cnos\u201d) recopila, usa, divulga y protege sus datos personales cuando visita nuestro sitio web en <strong>www.hhla.co.uk<\/strong>, contrate nuestros servicios o cont\u00e1ctenos. Nos comprometemos a proteger sus datos personales y a cumplir con el RGPD del Reino Unido, la Ley de Protecci\u00f3n de Datos de 2018 y otras leyes pertinentes.<\/p>\n<hr \/>\n<h3>1. Quienes somos<\/h3>\n<p><strong>HHLA Reino Unido Ltd.<\/strong><br \/>Anthony Meehan, 76 Blagdens Lane, Southgate, Londres, N14 6DD<br \/>Correo electr\u00f3nico: <a href=\"mailto:privacy@hhla.co.uk\">privacidad@hhla.co.uk<\/a><br \/>Tel\u00e9fono: [Insertar n\u00famero de tel\u00e9fono del Reino Unido]<br \/>Sitio web: <a href=\"https:\/\/www.hhla.co.uk\">www.hhla.co.uk<\/a><\/p>\n<hr \/>\n<h3>2. C\u00f3mo recopilamos datos personales<\/h3>\n<p>Recopilamos sus datos cuando usted:<\/p>\n<ul>\n<li>Visita y utiliza nuestro sitio web<\/li>\n<li>Cont\u00e1ctanos a trav\u00e9s de formularios, correo electr\u00f3nico o tel\u00e9fono.<\/li>\n<li>Suscr\u00edbete a nuestro bolet\u00edn<\/li>\n<li>Postula a empleos o colabora con nosotros<\/li>\n<li>Interact\u00fae a trav\u00e9s de las redes sociales o eventos<\/li>\n<\/ul>\n<hr \/>\n<h3>3. Qu\u00e9 datos recopilamos<\/h3>\n<p>Podemos recopilar lo siguiente:<\/p>\n<ul>\n<li><strong>Datos t\u00e9cnicos:<\/strong> Direcci\u00f3n IP, tipo de navegador, sistema operativo, tiempo de visita, p\u00e1ginas accedidas<\/li>\n<li><strong>Informaci\u00f3n de contacto:<\/strong> Nombre, correo electr\u00f3nico, tel\u00e9fono, datos de la empresa (si se proporcionan)<\/li>\n<li><strong>Preferencias de marketing:<\/strong> Suscripciones a boletines informativos, registros de consentimiento<\/li>\n<li><strong>Informaci\u00f3n de reclutamiento:<\/strong> CV, detalles de la solicitud, educaci\u00f3n, referencias<\/li>\n<\/ul>\n<hr \/>\n<h3>4. Base legal para el tratamiento<\/h3>\n<p>Sus datos son tratados de forma legal bajo:<\/p>\n<ul>\n<li>Necesidad contractual<\/li>\n<li>Consentimiento (por ejemplo, boletines informativos)<\/li>\n<li>Intereses leg\u00edtimos (por ejemplo, an\u00e1lisis, seguridad)<\/li>\n<li>Obligaciones legales<\/li>\n<\/ul>\n<hr \/>\n<h3>5. Cookies y seguimiento<\/h3>\n<p>Utilizamos cookies con fines esenciales, de rendimiento y de marketing. Puede gestionar sus preferencias a trav\u00e9s del banner de cookies o la configuraci\u00f3n del navegador. Para m\u00e1s informaci\u00f3n, consulte nuestra <a href=\"\/es\/cookie-policy\/\">Pol\u00edtica de cookies<\/a>.<\/p>\n<hr \/>\n<h3>6. Servicios de terceros<\/h3>\n<p>Utilizamos servicios como:<\/p>\n<ul>\n<li>Google Analytics<\/li>\n<li>YouTube (para v\u00eddeos incrustados)<\/li>\n<li>Complementos de redes sociales (LinkedIn, Twitter, etc.)<\/li>\n<\/ul>\n<p>Estos proveedores pueden recopilar datos limitados y configurar cookies. Los datos pueden procesarse fuera del Reino Unido con las garant\u00edas adecuadas.<\/p>\n<hr \/>\n<h3>7. Comunicaci\u00f3n mediante bolet\u00edn informativo<\/h3>\n<p>Si se suscribe a nuestro bolet\u00edn informativo, recopilaremos su correo electr\u00f3nico (y, opcionalmente, su nombre) y registraremos su consentimiento. Puede darse de baja en cualquier momento a trav\u00e9s del enlace incluido en cada correo electr\u00f3nico.<\/p>\n<hr \/>\n<h3>8. Reclutamiento<\/h3>\n<p>Si solicita un puesto, sus datos de solicitud se procesar\u00e1n \u00fanicamente con fines de selecci\u00f3n. Los conservaremos de forma segura hasta seis meses, a menos que acepte un almacenamiento m\u00e1s prolongado.<\/p>\n<hr \/>\n<h3>9. Transferencias internacionales de datos<\/h3>\n<p>Si los datos se transfieren fuera del Reino Unido (por ejemplo, a empresas matrices o terceros), utilizamos garant\u00edas aprobadas como el Anexo del Reino Unido a las Cl\u00e1usulas Contractuales Est\u00e1ndar de la UE o decisiones de adecuaci\u00f3n cuando corresponda.<\/p>\n<hr \/>\n<h3>10. Retenci\u00f3n de datos<\/h3>\n<p>Solo conservamos los datos personales el tiempo necesario. Los periodos de conservaci\u00f3n t\u00edpicos incluyen:<\/p>\n<ul>\n<li>Registros del sitio web: hasta 12 meses<\/li>\n<li>Datos del formulario de contacto: 12\u201324 meses<\/li>\n<li>Datos del bolet\u00edn: hasta darse de baja<\/li>\n<li>Datos de reclutamiento: 6\u201312 meses<\/li>\n<\/ul>\n<hr \/>\n<h3>11. Sus derechos<\/h3>\n<p>Usted tiene derecho a:<\/p>\n<ul>\n<li>Acceda a sus datos<\/li>\n<li>Solicitar correcci\u00f3n o eliminaci\u00f3n<\/li>\n<li>Restringir u oponerse al procesamiento<\/li>\n<li>Retirar el consentimiento en cualquier momento<\/li>\n<li>Solicitar portabilidad de datos<\/li>\n<li>Presentar una reclamaci\u00f3n ante la ICO<\/li>\n<\/ul>\n<p>Para ejercer cualquiera de estos derechos, p\u00f3ngase en contacto con <a href=\"mailto:privacy@hhla.co.uk\">privacidad@hhla.co.uk<\/a>.<\/p>\n<hr \/>\n<h3>12. Seguridad de los datos<\/h3>\n<p>Utilizamos medidas t\u00e9cnicas y organizativas adecuadas, como encriptaci\u00f3n, controles de acceso y capacitaci\u00f3n del personal, para mantener sus datos seguros.<\/p>\n<hr \/>\n<h3>13. Autoridad de control<\/h3>\n<p>Si considera que se han vulnerado sus derechos, puede ponerse en contacto con:<\/p>\n<p><strong>Oficina del Comisionado de Informaci\u00f3n (ICO)<\/strong><br \/>Casa Wycliffe, Water Lane<br \/>Wilmslow, Cheshire SK9 5AF<br \/>Sitio web: <a href=\"https:\/\/www.ico.org.uk\" target=\"_blank\" rel=\"noopener\">www.ico.org.uk<\/a><br \/>Tel\u00e9fono: 0303 123 1113<\/p>\n<hr \/>\n<h3>14. Cambios a esta Pol\u00edtica<\/h3>\n<p>Es posible que actualicemos esta Pol\u00edtica de Privacidad en el futuro. La \u00faltima versi\u00f3n siempre se publicar\u00e1 en <strong>www.hhla.co.uk\/politica-de-privacidad<\/strong>.<\/p>\n<p><em>\u00daltima actualizaci\u00f3n: abril de 2025<\/em><\/p>\t\t\t\t\t\t\t\t<\/div>\n\t\t\t\t<\/div>\n\t\t\t\t\t<\/div>\n\t\t\t\t<\/div>\n\t\t\t\t<\/div>","protected":false},"excerpt":{"rendered":"<p>Privacy Policy Effective date: April 2025 This Privacy Policy outlines how HHLA LIMITED (&#8220;we&#8221;, &#8220;our&#8221;, &#8220;us&#8221;) collects, uses, discloses, and protects your personal data when you visit our website at www.hhla.co.uk, engage with our services, or contact us. We are committed to safeguarding your personal data and complying with the UK GDPR, Data Protection Act [&hellip;]<\/p>","protected":false},"author":1,"featured_media":0,"parent":0,"menu_order":0,"comment_status":"closed","ping_status":"open","template":"elementor_header_footer","meta":{"inline_featured_image":false,"footnotes":""},"class_list":["post-3038","page","type-page","status-publish","hentry"],"_links":{"self":[{"href":"https:\/\/www.ui-shipping.com\/es\/wp-json\/wp\/v2\/pages\/3038","targetHints":{"allow":["GET"]}}],"collection":[{"href":"https:\/\/www.ui-shipping.com\/es\/wp-json\/wp\/v2\/pages"}],"about":[{"href":"https:\/\/www.ui-shipping.com\/es\/wp-json\/wp\/v2\/types\/page"}],"author":[{"embeddable":true,"href":"https:\/\/www.ui-shipping.com\/es\/wp-json\/wp\/v2\/users\/1"}],"replies":[{"embeddable":true,"href":"https:\/\/www.ui-shipping.com\/es\/wp-json\/wp\/v2\/comments?post=3038"}],"version-history":[{"count":1,"href":"https:\/\/www.ui-shipping.com\/es\/wp-json\/wp\/v2\/pages\/3038\/revisions"}],"predecessor-version":[{"id":3039,"href":"https:\/\/www.ui-shipping.com\/es\/wp-json\/wp\/v2\/pages\/3038\/revisions\/3039"}],"wp:attachment":[{"href":"https:\/\/www.ui-shipping.com\/es\/wp-json\/wp\/v2\/media?parent=3038"}],"curies":[{"name":"wp","href":"https:\/\/api.w.org\/{rel}","templated":true}]}}